{"id":805,"date":"2023-02-28T18:52:43","date_gmt":"2023-02-28T21:52:43","guid":{"rendered":"https:\/\/vidapets.com.br\/portal\/?post_type=product&#038;p=805"},"modified":"2023-10-06T11:08:55","modified_gmt":"2023-10-06T14:08:55","slug":"laringoscopio-led-inox-com-3-laminas-curvas-no2-3-e-4","status":"publish","type":"product","link":"https:\/\/vidapets.com.br\/portal\/produto\/laringoscopio-led-inox-com-3-laminas-curvas-no2-3-e-4\/","title":{"rendered":"Laringosc\u00f3pio Led Inox com 3 L\u00e2minas Curvas N\u00ba2, 3 e 4"},"content":{"rendered":"<p>Laringosc\u00f3pio\u00a0veterin\u00e1rio 3 l\u00e2minas curvas\u00a0in\u00f3x;<\/p>\n<p>Utilizado para facilitar a visualiza\u00e7\u00e3o da laringe durante os procedimentos de laringoscopia ou entuba\u00e7\u00e3o endotraqueal;<\/p>\n<p><strong>Especifica\u00e7\u00f5es:\u00a0<\/strong>3 L\u00e2minas curvas\u00a0in\u00f3x\u00a0n\u00ba 2, 3 e 4, l\u00e2mpadas para as l\u00e2minas, cabo para laringosc\u00f3pio adulto e estojo para acondicionamento.<\/p>\n<p>Servi\u00e7o realizado mediante agendamento pr\u00e9vio em hor\u00e1rio comercial<\/p>\n","protected":false},"excerpt":{"rendered":"<p>Laringosc\u00f3pio\u00a0veterin\u00e1rio 3 l\u00e2minas curvas\u00a0in\u00f3x; Utilizado para facilitar a visualiza\u00e7\u00e3o da laringe durante os procedimentos de laringoscopia ou entuba\u00e7\u00e3o endotraqueal; Especifica\u00e7\u00f5es:\u00a03 L\u00e2minas curvas\u00a0in\u00f3x\u00a0n\u00ba 2, 3 e 4, l\u00e2mpadas para as l\u00e2minas, cabo para laringosc\u00f3pio adulto e estojo para acondicionamento. Servi\u00e7o realizado mediante agendamento pr\u00e9vio em hor\u00e1rio comercial<\/p>\n","protected":false},"featured_media":850,"template":"","meta":{"site-sidebar-layout":"default","site-content-layout":"default","ast-site-content-layout":"","site-content-style":"default","site-sidebar-style":"default","ast-global-header-display":"","ast-banner-title-visibility":"","ast-main-header-display":"","ast-hfb-above-header-display":"","ast-hfb-below-header-display":"","ast-hfb-mobile-header-display":"","site-post-title":"","ast-breadcrumbs-content":"","ast-featured-img":"","footer-sml-layout":"","theme-transparent-header-meta":"default","adv-header-id-meta":"","stick-header-meta":"","header-above-stick-meta":"","header-main-stick-meta":"","header-below-stick-meta":"","astra-migrate-meta-layouts":"default","ast-page-background-enabled":"default","ast-page-background-meta":{"desktop":{"background-color":"var(--ast-global-color-4)","background-image":"","background-repeat":"repeat","background-position":"center center","background-size":"auto","background-attachment":"scroll","background-type":"","background-media":"","overlay-type":"","overlay-color":"","overlay-gradient":""},"tablet":{"background-color":"","background-image":"","background-repeat":"repeat","background-position":"center center","background-size":"auto","background-attachment":"scroll","background-type":"","background-media":"","overlay-type":"","overlay-color":"","overlay-gradient":""},"mobile":{"background-color":"","background-image":"","background-repeat":"repeat","background-position":"center center","background-size":"auto","background-attachment":"scroll","background-type":"","background-media":"","overlay-type":"","overlay-color":"","overlay-gradient":""}},"ast-content-background-meta":{"desktop":{"background-color":"var(--ast-global-color-5)","background-image":"","background-repeat":"repeat","background-position":"center center","background-size":"auto","background-attachment":"scroll","background-type":"","background-media":"","overlay-type":"","overlay-color":"","overlay-gradient":""},"tablet":{"background-color":"var(--ast-global-color-5)","background-image":"","background-repeat":"repeat","background-position":"center center","background-size":"auto","background-attachment":"scroll","background-type":"","background-media":"","overlay-type":"","overlay-color":"","overlay-gradient":""},"mobile":{"background-color":"var(--ast-global-color-5)","background-image":"","background-repeat":"repeat","background-position":"center center","background-size":"auto","background-attachment":"scroll","background-type":"","background-media":"","overlay-type":"","overlay-color":"","overlay-gradient":""}}},"product_cat":[15],"product_tag":[],"_links":{"self":[{"href":"https:\/\/vidapets.com.br\/portal\/wp-json\/wp\/v2\/product\/805"}],"collection":[{"href":"https:\/\/vidapets.com.br\/portal\/wp-json\/wp\/v2\/product"}],"about":[{"href":"https:\/\/vidapets.com.br\/portal\/wp-json\/wp\/v2\/types\/product"}],"wp:featuredmedia":[{"embeddable":true,"href":"https:\/\/vidapets.com.br\/portal\/wp-json\/wp\/v2\/media\/850"}],"wp:attachment":[{"href":"https:\/\/vidapets.com.br\/portal\/wp-json\/wp\/v2\/media?parent=805"}],"wp:term":[{"taxonomy":"product_cat","embeddable":true,"href":"https:\/\/vidapets.com.br\/portal\/wp-json\/wp\/v2\/product_cat?post=805"},{"taxonomy":"product_tag","embeddable":true,"href":"https:\/\/vidapets.com.br\/portal\/wp-json\/wp\/v2\/product_tag?post=805"}],"curies":[{"name":"wp","href":"https:\/\/api.w.org\/{rel}","templated":true}]}}