{"id":810,"date":"2023-02-28T19:00:50","date_gmt":"2023-02-28T22:00:50","guid":{"rendered":"https:\/\/vidapets.com.br\/portal\/?post_type=product&#038;p=810"},"modified":"2023-10-06T11:15:35","modified_gmt":"2023-10-06T14:15:35","slug":"calha-cirurgica-pequena-em-inox","status":"publish","type":"product","link":"https:\/\/vidapets.com.br\/portal\/produto\/calha-cirurgica-pequena-em-inox\/","title":{"rendered":"Calha Cir\u00fargica Pequena em Inox"},"content":{"rendered":"<p><strong>Fabricada 100% em Inox 304 Premium,\u00a0<\/strong>com tampo no formato em U,\u00a0suporte lateral para amarra\u00e7\u00e3o do animal, possui inclina\u00e7\u00e3o para escoamento de l\u00edquido,<\/p>\n<p>Medidas: (CxAxL): 50 X 16\u00a0X 26\u00a0cm.<\/p>\n<p>Servi\u00e7o realizado mediante agendamento pr\u00e9vio em hor\u00e1rio comercial<\/p>\n","protected":false},"excerpt":{"rendered":"<p>Fabricada 100% em Inox 304 Premium,\u00a0com tampo no formato em U,\u00a0suporte lateral para amarra\u00e7\u00e3o do animal, possui inclina\u00e7\u00e3o para escoamento de l\u00edquido, Medidas: (CxAxL): 50 X 16\u00a0X 26\u00a0cm. Servi\u00e7o realizado mediante agendamento pr\u00e9vio em hor\u00e1rio comercial<\/p>\n","protected":false},"featured_media":846,"template":"","meta":{"site-sidebar-layout":"default","site-content-layout":"default","ast-site-content-layout":"","site-content-style":"default","site-sidebar-style":"default","ast-global-header-display":"","ast-banner-title-visibility":"","ast-main-header-display":"","ast-hfb-above-header-display":"","ast-hfb-below-header-display":"","ast-hfb-mobile-header-display":"","site-post-title":"","ast-breadcrumbs-content":"","ast-featured-img":"","footer-sml-layout":"","theme-transparent-header-meta":"default","adv-header-id-meta":"","stick-header-meta":"","header-above-stick-meta":"","header-main-stick-meta":"","header-below-stick-meta":"","astra-migrate-meta-layouts":"default","ast-page-background-enabled":"default","ast-page-background-meta":{"desktop":{"background-color":"var(--ast-global-color-4)","background-image":"","background-repeat":"repeat","background-position":"center center","background-size":"auto","background-attachment":"scroll","background-type":"","background-media":"","overlay-type":"","overlay-color":"","overlay-gradient":""},"tablet":{"background-color":"","background-image":"","background-repeat":"repeat","background-position":"center center","background-size":"auto","background-attachment":"scroll","background-type":"","background-media":"","overlay-type":"","overlay-color":"","overlay-gradient":""},"mobile":{"background-color":"","background-image":"","background-repeat":"repeat","background-position":"center center","background-size":"auto","background-attachment":"scroll","background-type":"","background-media":"","overlay-type":"","overlay-color":"","overlay-gradient":""}},"ast-content-background-meta":{"desktop":{"background-color":"var(--ast-global-color-5)","background-image":"","background-repeat":"repeat","background-position":"center center","background-size":"auto","background-attachment":"scroll","background-type":"","background-media":"","overlay-type":"","overlay-color":"","overlay-gradient":""},"tablet":{"background-color":"var(--ast-global-color-5)","background-image":"","background-repeat":"repeat","background-position":"center center","background-size":"auto","background-attachment":"scroll","background-type":"","background-media":"","overlay-type":"","overlay-color":"","overlay-gradient":""},"mobile":{"background-color":"var(--ast-global-color-5)","background-image":"","background-repeat":"repeat","background-position":"center center","background-size":"auto","background-attachment":"scroll","background-type":"","background-media":"","overlay-type":"","overlay-color":"","overlay-gradient":""}}},"product_cat":[15],"product_tag":[],"_links":{"self":[{"href":"https:\/\/vidapets.com.br\/portal\/wp-json\/wp\/v2\/product\/810"}],"collection":[{"href":"https:\/\/vidapets.com.br\/portal\/wp-json\/wp\/v2\/product"}],"about":[{"href":"https:\/\/vidapets.com.br\/portal\/wp-json\/wp\/v2\/types\/product"}],"wp:featuredmedia":[{"embeddable":true,"href":"https:\/\/vidapets.com.br\/portal\/wp-json\/wp\/v2\/media\/846"}],"wp:attachment":[{"href":"https:\/\/vidapets.com.br\/portal\/wp-json\/wp\/v2\/media?parent=810"}],"wp:term":[{"taxonomy":"product_cat","embeddable":true,"href":"https:\/\/vidapets.com.br\/portal\/wp-json\/wp\/v2\/product_cat?post=810"},{"taxonomy":"product_tag","embeddable":true,"href":"https:\/\/vidapets.com.br\/portal\/wp-json\/wp\/v2\/product_tag?post=810"}],"curies":[{"name":"wp","href":"https:\/\/api.w.org\/{rel}","templated":true}]}}