{"id":812,"date":"2023-02-28T19:05:25","date_gmt":"2023-02-28T22:05:25","guid":{"rendered":"https:\/\/vidapets.com.br\/portal\/?post_type=product&#038;p=812"},"modified":"2023-10-06T11:06:29","modified_gmt":"2023-10-06T14:06:29","slug":"balanca-digital-sem-coluna-60x50-cm","status":"publish","type":"product","link":"https:\/\/vidapets.com.br\/portal\/produto\/balanca-digital-sem-coluna-60x50-cm\/","title":{"rendered":"Balan\u00e7a Digital sem Coluna 60&#215;50 Cm"},"content":{"rendered":"<p>Balan\u00e7a Digital sem Coluna nacional com certifica\u00e7\u00e3o do Inmetro, sistema de pesagem fixo quando o animal sobe o prato n\u00e3o movimento\u00a0evita que animal fique com medo durante a pesagem.<\/p>\n<p>O Prato\u00a0\u00a0onde o animal piso \u00e9 fabricando em Inox 304\u00a0n\u00e3o enferruja, e\u00a0remov\u00edvel para facilitar a limpeza, a plataforma da balan\u00e7a \u00e9 refor\u00e7ada em a\u00e7o carbono, possui p\u00e9s niveladores (ajust\u00e1vel caso tenha desn\u00edvel do piso), vers\u00e1til (r\u00e1pida e precisa).<\/p>\n<p>Produto Bivolt,\u00a0pesa at\u00e9 200 kg,\u00a0com coluna com divis\u00e3o de 50 em 50 gramas, (o leitor deve ser\u00a0fixado na parede).<\/p>\n<p>Servi\u00e7o realizado mediante agendamento pr\u00e9vio em hor\u00e1rio comercial<\/p>\n","protected":false},"excerpt":{"rendered":"<p>Balan\u00e7a Digital sem Coluna nacional com certifica\u00e7\u00e3o do Inmetro, sistema de pesagem fixo quando o animal sobe o prato n\u00e3o movimento\u00a0evita que animal fique com medo durante a pesagem. O Prato\u00a0\u00a0onde o animal piso \u00e9 fabricando em Inox 304\u00a0n\u00e3o enferruja, e\u00a0remov\u00edvel para facilitar a limpeza, a plataforma da balan\u00e7a \u00e9 refor\u00e7ada em a\u00e7o carbono, possui [&hellip;]<\/p>\n","protected":false},"featured_media":845,"template":"","meta":{"site-sidebar-layout":"default","site-content-layout":"default","ast-site-content-layout":"","site-content-style":"default","site-sidebar-style":"default","ast-global-header-display":"","ast-banner-title-visibility":"","ast-main-header-display":"","ast-hfb-above-header-display":"","ast-hfb-below-header-display":"","ast-hfb-mobile-header-display":"","site-post-title":"","ast-breadcrumbs-content":"","ast-featured-img":"","footer-sml-layout":"","theme-transparent-header-meta":"default","adv-header-id-meta":"","stick-header-meta":"","header-above-stick-meta":"","header-main-stick-meta":"","header-below-stick-meta":"","astra-migrate-meta-layouts":"default","ast-page-background-enabled":"default","ast-page-background-meta":{"desktop":{"background-color":"var(--ast-global-color-4)","background-image":"","background-repeat":"repeat","background-position":"center center","background-size":"auto","background-attachment":"scroll","background-type":"","background-media":"","overlay-type":"","overlay-color":"","overlay-gradient":""},"tablet":{"background-color":"","background-image":"","background-repeat":"repeat","background-position":"center center","background-size":"auto","background-attachment":"scroll","background-type":"","background-media":"","overlay-type":"","overlay-color":"","overlay-gradient":""},"mobile":{"background-color":"","background-image":"","background-repeat":"repeat","background-position":"center center","background-size":"auto","background-attachment":"scroll","background-type":"","background-media":"","overlay-type":"","overlay-color":"","overlay-gradient":""}},"ast-content-background-meta":{"desktop":{"background-color":"var(--ast-global-color-5)","background-image":"","background-repeat":"repeat","background-position":"center center","background-size":"auto","background-attachment":"scroll","background-type":"","background-media":"","overlay-type":"","overlay-color":"","overlay-gradient":""},"tablet":{"background-color":"var(--ast-global-color-5)","background-image":"","background-repeat":"repeat","background-position":"center center","background-size":"auto","background-attachment":"scroll","background-type":"","background-media":"","overlay-type":"","overlay-color":"","overlay-gradient":""},"mobile":{"background-color":"var(--ast-global-color-5)","background-image":"","background-repeat":"repeat","background-position":"center center","background-size":"auto","background-attachment":"scroll","background-type":"","background-media":"","overlay-type":"","overlay-color":"","overlay-gradient":""}}},"product_cat":[15],"product_tag":[],"_links":{"self":[{"href":"https:\/\/vidapets.com.br\/portal\/wp-json\/wp\/v2\/product\/812"}],"collection":[{"href":"https:\/\/vidapets.com.br\/portal\/wp-json\/wp\/v2\/product"}],"about":[{"href":"https:\/\/vidapets.com.br\/portal\/wp-json\/wp\/v2\/types\/product"}],"wp:featuredmedia":[{"embeddable":true,"href":"https:\/\/vidapets.com.br\/portal\/wp-json\/wp\/v2\/media\/845"}],"wp:attachment":[{"href":"https:\/\/vidapets.com.br\/portal\/wp-json\/wp\/v2\/media?parent=812"}],"wp:term":[{"taxonomy":"product_cat","embeddable":true,"href":"https:\/\/vidapets.com.br\/portal\/wp-json\/wp\/v2\/product_cat?post=812"},{"taxonomy":"product_tag","embeddable":true,"href":"https:\/\/vidapets.com.br\/portal\/wp-json\/wp\/v2\/product_tag?post=812"}],"curies":[{"name":"wp","href":"https:\/\/api.w.org\/{rel}","templated":true}]}}