{"id":886,"date":"2023-03-04T12:47:41","date_gmt":"2023-03-04T15:47:41","guid":{"rendered":"https:\/\/vidapets.com.br\/portal\/?post_type=product&#038;p=886"},"modified":"2024-06-12T13:38:27","modified_gmt":"2024-06-12T16:38:27","slug":"tortas-gelada","status":"publish","type":"product","link":"https:\/\/vidapets.com.br\/portal\/produto\/tortas-gelada\/","title":{"rendered":"Tortas Gelada"},"content":{"rendered":"<p>Cremosas e geladinhas, nossas tortas creme s\u00e3o receitas exclusivas, feitas com produtos Nestl\u00e9 e muito amor.<\/p>\n<p>Sabores dispon\u00edveis:<br \/>\nTorta Banoffe<br \/>\nCheesecake frutas vermelhas<br \/>\nCheesecake goiabada<br \/>\nTorta de lim\u00e3o<br \/>\nTorta de Maracuj\u00e1<br \/>\nTorta Creme Sensa\u00e7\u00e3o<br \/>\nTorta Creme Uruguaia<br \/>\nTorta Creme Galak e Negresco<br \/>\nTorta Creme Galak<br \/>\nTorta Creme Negresco<br \/>\nTorta Holandesa<br \/>\nTorta creme alpino<br \/>\nTorta de Iogurte com frutas vermelhas<\/p>\n<p>Ao resgatar o voucher, entraremos em contato pelo whatsapp cadastrado no seu perfil ou se preferir pode nos contatar pelo n\u00famero abaixo<br \/>\n*Ap\u00f3s resgatado utilizar em at\u00e9 15 dias<br \/>\n* Sujeito a disponibilidade do fornecedor<\/p>\n<p>Telefone para contato: (45) 99835-0078<\/p>\n","protected":false},"excerpt":{"rendered":"<p>Cremosas e geladinhas, nossas tortas creme s\u00e3o receitas exclusivas, feitas com produtos Nestl\u00e9 e muito amor. Sabores dispon\u00edveis: Torta Banoffe Cheesecake frutas vermelhas Cheesecake goiabada Torta de lim\u00e3o Torta de Maracuj\u00e1 Torta Creme Sensa\u00e7\u00e3o Torta Creme Uruguaia Torta Creme Galak e Negresco Torta Creme Galak Torta Creme Negresco Torta Holandesa Torta creme alpino Torta de [&hellip;]<\/p>\n","protected":false},"featured_media":887,"template":"","meta":{"site-sidebar-layout":"default","site-content-layout":"default","ast-site-content-layout":"default","site-content-style":"default","site-sidebar-style":"default","ast-global-header-display":"","ast-banner-title-visibility":"","ast-main-header-display":"","ast-hfb-above-header-display":"","ast-hfb-below-header-display":"","ast-hfb-mobile-header-display":"","site-post-title":"","ast-breadcrumbs-content":"","ast-featured-img":"","footer-sml-layout":"","theme-transparent-header-meta":"default","adv-header-id-meta":"","stick-header-meta":"","header-above-stick-meta":"","header-main-stick-meta":"","header-below-stick-meta":"","astra-migrate-meta-layouts":"set","ast-page-background-enabled":"default","ast-page-background-meta":{"desktop":{"background-color":"var(--ast-global-color-4)","background-image":"","background-repeat":"repeat","background-position":"center center","background-size":"auto","background-attachment":"scroll","background-type":"","background-media":"","overlay-type":"","overlay-color":"","overlay-gradient":""},"tablet":{"background-color":"","background-image":"","background-repeat":"repeat","background-position":"center center","background-size":"auto","background-attachment":"scroll","background-type":"","background-media":"","overlay-type":"","overlay-color":"","overlay-gradient":""},"mobile":{"background-color":"","background-image":"","background-repeat":"repeat","background-position":"center center","background-size":"auto","background-attachment":"scroll","background-type":"","background-media":"","overlay-type":"","overlay-color":"","overlay-gradient":""}},"ast-content-background-meta":{"desktop":{"background-color":"var(--ast-global-color-5)","background-image":"","background-repeat":"repeat","background-position":"center center","background-size":"auto","background-attachment":"scroll","background-type":"","background-media":"","overlay-type":"","overlay-color":"","overlay-gradient":""},"tablet":{"background-color":"var(--ast-global-color-5)","background-image":"","background-repeat":"repeat","background-position":"center center","background-size":"auto","background-attachment":"scroll","background-type":"","background-media":"","overlay-type":"","overlay-color":"","overlay-gradient":""},"mobile":{"background-color":"var(--ast-global-color-5)","background-image":"","background-repeat":"repeat","background-position":"center center","background-size":"auto","background-attachment":"scroll","background-type":"","background-media":"","overlay-type":"","overlay-color":"","overlay-gradient":""}}},"product_cat":[60],"product_tag":[],"_links":{"self":[{"href":"https:\/\/vidapets.com.br\/portal\/wp-json\/wp\/v2\/product\/886"}],"collection":[{"href":"https:\/\/vidapets.com.br\/portal\/wp-json\/wp\/v2\/product"}],"about":[{"href":"https:\/\/vidapets.com.br\/portal\/wp-json\/wp\/v2\/types\/product"}],"wp:featuredmedia":[{"embeddable":true,"href":"https:\/\/vidapets.com.br\/portal\/wp-json\/wp\/v2\/media\/887"}],"wp:attachment":[{"href":"https:\/\/vidapets.com.br\/portal\/wp-json\/wp\/v2\/media?parent=886"}],"wp:term":[{"taxonomy":"product_cat","embeddable":true,"href":"https:\/\/vidapets.com.br\/portal\/wp-json\/wp\/v2\/product_cat?post=886"},{"taxonomy":"product_tag","embeddable":true,"href":"https:\/\/vidapets.com.br\/portal\/wp-json\/wp\/v2\/product_tag?post=886"}],"curies":[{"name":"wp","href":"https:\/\/api.w.org\/{rel}","templated":true}]}}