{"id":891,"date":"2023-03-04T12:49:49","date_gmt":"2023-03-04T15:49:49","guid":{"rendered":"https:\/\/vidapets.com.br\/portal\/?post_type=product&#038;p=891"},"modified":"2024-06-12T13:36:54","modified_gmt":"2024-06-12T16:36:54","slug":"restaurante-armazem-vale-r100-desconto","status":"publish","type":"product","link":"https:\/\/vidapets.com.br\/portal\/produto\/restaurante-armazem-vale-r100-desconto\/","title":{"rendered":"Restaurante Armazem Vale R$100 desconto"},"content":{"rendered":"<p>Esse voucher concede desconto de R$100,00 para ser utilizado no restaurante Armaz\u00e9m.<\/p>\n<p>Ao resgatar o voucher, entraremos em contato pelo whatsapp cadastrado no seu perfil ou se preferir pode nos contatar pelo n\u00famero abaixo<br \/>\nA utiliza\u00e7\u00e3o deve ser feita mediante reserva.<br \/>\nAp\u00f3s resgatado utilizar em at\u00e9 15 dias<\/p>\n<p>Telefone para contato: (45) 99835-0078<\/p>\n","protected":false},"excerpt":{"rendered":"<p>Esse voucher concede desconto de R$100,00 para ser utilizado no restaurante Armaz\u00e9m. Ao resgatar o voucher, entraremos em contato pelo whatsapp cadastrado no seu perfil ou se preferir pode nos contatar pelo n\u00famero abaixo A utiliza\u00e7\u00e3o deve ser feita mediante reserva. Ap\u00f3s resgatado utilizar em at\u00e9 15 dias Telefone para contato: (45) 99835-0078<\/p>\n","protected":false},"featured_media":892,"template":"","meta":{"site-sidebar-layout":"default","site-content-layout":"default","ast-site-content-layout":"default","site-content-style":"default","site-sidebar-style":"default","ast-global-header-display":"","ast-banner-title-visibility":"","ast-main-header-display":"","ast-hfb-above-header-display":"","ast-hfb-below-header-display":"","ast-hfb-mobile-header-display":"","site-post-title":"","ast-breadcrumbs-content":"","ast-featured-img":"","footer-sml-layout":"","theme-transparent-header-meta":"default","adv-header-id-meta":"","stick-header-meta":"","header-above-stick-meta":"","header-main-stick-meta":"","header-below-stick-meta":"","astra-migrate-meta-layouts":"set","ast-page-background-enabled":"default","ast-page-background-meta":{"desktop":{"background-color":"var(--ast-global-color-4)","background-image":"","background-repeat":"repeat","background-position":"center center","background-size":"auto","background-attachment":"scroll","background-type":"","background-media":"","overlay-type":"","overlay-color":"","overlay-gradient":""},"tablet":{"background-color":"","background-image":"","background-repeat":"repeat","background-position":"center center","background-size":"auto","background-attachment":"scroll","background-type":"","background-media":"","overlay-type":"","overlay-color":"","overlay-gradient":""},"mobile":{"background-color":"","background-image":"","background-repeat":"repeat","background-position":"center center","background-size":"auto","background-attachment":"scroll","background-type":"","background-media":"","overlay-type":"","overlay-color":"","overlay-gradient":""}},"ast-content-background-meta":{"desktop":{"background-color":"var(--ast-global-color-5)","background-image":"","background-repeat":"repeat","background-position":"center center","background-size":"auto","background-attachment":"scroll","background-type":"","background-media":"","overlay-type":"","overlay-color":"","overlay-gradient":""},"tablet":{"background-color":"var(--ast-global-color-5)","background-image":"","background-repeat":"repeat","background-position":"center center","background-size":"auto","background-attachment":"scroll","background-type":"","background-media":"","overlay-type":"","overlay-color":"","overlay-gradient":""},"mobile":{"background-color":"var(--ast-global-color-5)","background-image":"","background-repeat":"repeat","background-position":"center center","background-size":"auto","background-attachment":"scroll","background-type":"","background-media":"","overlay-type":"","overlay-color":"","overlay-gradient":""}}},"product_cat":[60],"product_tag":[],"_links":{"self":[{"href":"https:\/\/vidapets.com.br\/portal\/wp-json\/wp\/v2\/product\/891"}],"collection":[{"href":"https:\/\/vidapets.com.br\/portal\/wp-json\/wp\/v2\/product"}],"about":[{"href":"https:\/\/vidapets.com.br\/portal\/wp-json\/wp\/v2\/types\/product"}],"wp:featuredmedia":[{"embeddable":true,"href":"https:\/\/vidapets.com.br\/portal\/wp-json\/wp\/v2\/media\/892"}],"wp:attachment":[{"href":"https:\/\/vidapets.com.br\/portal\/wp-json\/wp\/v2\/media?parent=891"}],"wp:term":[{"taxonomy":"product_cat","embeddable":true,"href":"https:\/\/vidapets.com.br\/portal\/wp-json\/wp\/v2\/product_cat?post=891"},{"taxonomy":"product_tag","embeddable":true,"href":"https:\/\/vidapets.com.br\/portal\/wp-json\/wp\/v2\/product_tag?post=891"}],"curies":[{"name":"wp","href":"https:\/\/api.w.org\/{rel}","templated":true}]}}