{"id":905,"date":"2023-03-04T12:53:33","date_gmt":"2023-03-04T15:53:33","guid":{"rendered":"https:\/\/vidapets.com.br\/portal\/?post_type=product&#038;p=905"},"modified":"2024-06-12T13:41:19","modified_gmt":"2024-06-12T16:41:19","slug":"gandhara-spa-dos-pes","status":"publish","type":"product","link":"https:\/\/vidapets.com.br\/portal\/produto\/gandhara-spa-dos-pes\/","title":{"rendered":"Gandhara SPA DOS P\u00c9S"},"content":{"rendered":"<p>Combate a dor e o cansa\u00e7o. E ainda ajuda a relaxar todo o corpo, equilibrando a energia.<\/p>\n<p>Ao resgatar o voucher, entraremos em contato pelo whatsapp cadastrado no seu perfil ou se preferir pode nos contatar pelo n\u00famero do whatsapp do site<\/p>\n<p>Mediante agendamento pr\u00e9vio.<br \/>\nAp\u00f3s resgatado utilizar em at\u00e9 15 dias<\/p>\n<p>Telefone para contato: (45) 99835-0078<\/p>\n","protected":false},"excerpt":{"rendered":"<p>Combate a dor e o cansa\u00e7o. E ainda ajuda a relaxar todo o corpo, equilibrando a energia. Ao resgatar o voucher, entraremos em contato pelo whatsapp cadastrado no seu perfil ou se preferir pode nos contatar pelo n\u00famero do whatsapp do site Mediante agendamento pr\u00e9vio. Ap\u00f3s resgatado utilizar em at\u00e9 15 dias Telefone para contato: [&hellip;]<\/p>\n","protected":false},"featured_media":904,"template":"","meta":{"site-sidebar-layout":"default","site-content-layout":"default","ast-site-content-layout":"default","site-content-style":"default","site-sidebar-style":"default","ast-global-header-display":"","ast-banner-title-visibility":"","ast-main-header-display":"","ast-hfb-above-header-display":"","ast-hfb-below-header-display":"","ast-hfb-mobile-header-display":"","site-post-title":"","ast-breadcrumbs-content":"","ast-featured-img":"","footer-sml-layout":"","theme-transparent-header-meta":"default","adv-header-id-meta":"","stick-header-meta":"","header-above-stick-meta":"","header-main-stick-meta":"","header-below-stick-meta":"","astra-migrate-meta-layouts":"set","ast-page-background-enabled":"default","ast-page-background-meta":{"desktop":{"background-color":"var(--ast-global-color-4)","background-image":"","background-repeat":"repeat","background-position":"center center","background-size":"auto","background-attachment":"scroll","background-type":"","background-media":"","overlay-type":"","overlay-color":"","overlay-gradient":""},"tablet":{"background-color":"","background-image":"","background-repeat":"repeat","background-position":"center center","background-size":"auto","background-attachment":"scroll","background-type":"","background-media":"","overlay-type":"","overlay-color":"","overlay-gradient":""},"mobile":{"background-color":"","background-image":"","background-repeat":"repeat","background-position":"center center","background-size":"auto","background-attachment":"scroll","background-type":"","background-media":"","overlay-type":"","overlay-color":"","overlay-gradient":""}},"ast-content-background-meta":{"desktop":{"background-color":"var(--ast-global-color-5)","background-image":"","background-repeat":"repeat","background-position":"center center","background-size":"auto","background-attachment":"scroll","background-type":"","background-media":"","overlay-type":"","overlay-color":"","overlay-gradient":""},"tablet":{"background-color":"var(--ast-global-color-5)","background-image":"","background-repeat":"repeat","background-position":"center center","background-size":"auto","background-attachment":"scroll","background-type":"","background-media":"","overlay-type":"","overlay-color":"","overlay-gradient":""},"mobile":{"background-color":"var(--ast-global-color-5)","background-image":"","background-repeat":"repeat","background-position":"center center","background-size":"auto","background-attachment":"scroll","background-type":"","background-media":"","overlay-type":"","overlay-color":"","overlay-gradient":""}}},"product_cat":[60],"product_tag":[],"_links":{"self":[{"href":"https:\/\/vidapets.com.br\/portal\/wp-json\/wp\/v2\/product\/905"}],"collection":[{"href":"https:\/\/vidapets.com.br\/portal\/wp-json\/wp\/v2\/product"}],"about":[{"href":"https:\/\/vidapets.com.br\/portal\/wp-json\/wp\/v2\/types\/product"}],"wp:featuredmedia":[{"embeddable":true,"href":"https:\/\/vidapets.com.br\/portal\/wp-json\/wp\/v2\/media\/904"}],"wp:attachment":[{"href":"https:\/\/vidapets.com.br\/portal\/wp-json\/wp\/v2\/media?parent=905"}],"wp:term":[{"taxonomy":"product_cat","embeddable":true,"href":"https:\/\/vidapets.com.br\/portal\/wp-json\/wp\/v2\/product_cat?post=905"},{"taxonomy":"product_tag","embeddable":true,"href":"https:\/\/vidapets.com.br\/portal\/wp-json\/wp\/v2\/product_tag?post=905"}],"curies":[{"name":"wp","href":"https:\/\/api.w.org\/{rel}","templated":true}]}}