{"id":976,"date":"2023-03-04T13:18:49","date_gmt":"2023-03-04T16:18:49","guid":{"rendered":"https:\/\/vidapets.com.br\/portal\/?post_type=product&#038;p=976"},"modified":"2023-03-07T18:18:52","modified_gmt":"2023-03-07T21:18:52","slug":"manual-bsava-de-emergencia-e-medicina-intensiva-em-caes-e-gatos","status":"publish","type":"product","link":"https:\/\/vidapets.com.br\/portal\/produto\/manual-bsava-de-emergencia-e-medicina-intensiva-em-caes-e-gatos\/","title":{"rendered":"MANUAL BSAVA DE EMERG\u00caNCIA E MEDICINA INTENSIVA EM C\u00c3ES E GATOS"},"content":{"rendered":"<p>O cuidado de emerg\u00eancia \u00e9 uma das mais importantes da Medicina Veterin\u00e1ria. Em virtude do sucesso da primeira edi\u00e7\u00e3o, os editores internacionais e autores fizeram uma revis\u00e3o e atualiza\u00e7\u00e3o do Manual para refletir o continuo crescimento do conhecimento nesta importante \u00e1rea.<br \/>\nO Manual permanece sendo uma fonte de pesquisa extremamente pr\u00e1tica.<br \/>\nUm novo cap\u00edtulo sobre acesso vascular traz o detalhamento da instala\u00e7\u00e3o e manuten\u00e7\u00e3o de cateteres intravenoso, art\u00e9riais e intra\u00f3sseos. Outros cap\u00edtulos novos incluem: anormalidades eletrol\u00edticas e desequilibrio \u00e1cido-base, e medicina de transfus\u00e3o. O crescente corpo de conhecimento e gama de t\u00e9cnicas em analgesia \u00e9 refletido num novo cap\u00edtulo independente. Tratamentos cl\u00ednicos e cir\u00fargicos para as emerg\u00eancias gastrointestinais tamb\u00e9m foram separados para permitir uma visualiza\u00e7\u00e3o mais clara. Para tornar mais r\u00e1pido o acesso a informa\u00e7\u00f5es pr\u00e1ticas, t\u00e9cnicas como intuba\u00e7\u00e3o agora s\u00e3o encontradas dentro dos cap\u00edtulos relevantes. Fotografias e ilustra\u00e7\u00f5es adicionais contribuem para aumentar ainda mais a praticidade de uso do Manual.<br \/>\n<strong>CONTE\u00daDO<\/strong><br \/>\nTriagem do paciente de emerg\u00eancia; acesso vascular; avalia\u00e7\u00e3o e diagn\u00f3stico do choque; fluidoterapia; balan\u00e7o eletrolitico e acidob\u00e1sico; emerg\u00eancias cardiovasculares; abordagem geral da dispneia; emerg\u00eancias renais e do trato urin\u00e1rio; emerg\u00eancias neurol\u00f3gicas; emerg\u00eancias oftalmol\u00f3gicas; abordagem das emerg\u00eancias gastrointestinais; abd\u00f4men agudo e emerg\u00eancias gastrointestinais cir\u00fargicas; emerg\u00eancias hematol\u00f3gicas; transfus\u00e3o sangu\u00ednea; emerg\u00eancias reprodutivas e pedi\u00e1tricas; emerg\u00eancias end\u00f3crinas; manejo agudo de les\u00f5es ortop\u00e9dicas e de tecidos moles externos, emerg\u00eancias dermatol\u00f3gicas; emerg\u00eancias toxicol\u00f3gicas; ressuscita\u00e7\u00e3o cardiopulmonar-cerebral; anestesia e seda\u00e7\u00e3o no paciente cr\u00edtico; suporte nutricional do paciente cr\u00edtico; terapia antibacteriana em pacientes cr\u00edticos; t\u00e9cnicas de diagn\u00f3stico por imagem no paciente cr\u00edtico; cuidados de enfermagem no paciente cr\u00edtico; \u00edndice remissivo.<\/p>\n<p>&nbsp;<\/p>\n<p>Ao resgatar o voucher, entraremos em contato pelo whatsapp cadastrado no seu perfil ou se preferir pode nos contatar pelo n\u00famero (45) 99835-0078<br \/>\nSujeito a disponibilidade do fornecedor<\/p>\n","protected":false},"excerpt":{"rendered":"<p>O cuidado de emerg\u00eancia \u00e9 uma das mais importantes da Medicina Veterin\u00e1ria. Em virtude do sucesso da primeira edi\u00e7\u00e3o, os editores internacionais e autores fizeram uma revis\u00e3o e atualiza\u00e7\u00e3o do Manual para refletir o continuo crescimento do conhecimento nesta importante \u00e1rea. O Manual permanece sendo uma fonte de pesquisa extremamente pr\u00e1tica. Um novo cap\u00edtulo sobre [&hellip;]<\/p>\n","protected":false},"featured_media":977,"template":"","meta":{"site-sidebar-layout":"default","site-content-layout":"default","ast-site-content-layout":"","site-content-style":"default","site-sidebar-style":"default","ast-global-header-display":"","ast-banner-title-visibility":"","ast-main-header-display":"","ast-hfb-above-header-display":"","ast-hfb-below-header-display":"","ast-hfb-mobile-header-display":"","site-post-title":"","ast-breadcrumbs-content":"","ast-featured-img":"","footer-sml-layout":"","theme-transparent-header-meta":"default","adv-header-id-meta":"","stick-header-meta":"","header-above-stick-meta":"","header-main-stick-meta":"","header-below-stick-meta":"","astra-migrate-meta-layouts":"default","ast-page-background-enabled":"default","ast-page-background-meta":{"desktop":{"background-color":"var(--ast-global-color-4)","background-image":"","background-repeat":"repeat","background-position":"center center","background-size":"auto","background-attachment":"scroll","background-type":"","background-media":"","overlay-type":"","overlay-color":"","overlay-gradient":""},"tablet":{"background-color":"","background-image":"","background-repeat":"repeat","background-position":"center center","background-size":"auto","background-attachment":"scroll","background-type":"","background-media":"","overlay-type":"","overlay-color":"","overlay-gradient":""},"mobile":{"background-color":"","background-image":"","background-repeat":"repeat","background-position":"center center","background-size":"auto","background-attachment":"scroll","background-type":"","background-media":"","overlay-type":"","overlay-color":"","overlay-gradient":""}},"ast-content-background-meta":{"desktop":{"background-color":"var(--ast-global-color-5)","background-image":"","background-repeat":"repeat","background-position":"center center","background-size":"auto","background-attachment":"scroll","background-type":"","background-media":"","overlay-type":"","overlay-color":"","overlay-gradient":""},"tablet":{"background-color":"var(--ast-global-color-5)","background-image":"","background-repeat":"repeat","background-position":"center center","background-size":"auto","background-attachment":"scroll","background-type":"","background-media":"","overlay-type":"","overlay-color":"","overlay-gradient":""},"mobile":{"background-color":"var(--ast-global-color-5)","background-image":"","background-repeat":"repeat","background-position":"center center","background-size":"auto","background-attachment":"scroll","background-type":"","background-media":"","overlay-type":"","overlay-color":"","overlay-gradient":""}}},"product_cat":[61],"product_tag":[],"_links":{"self":[{"href":"https:\/\/vidapets.com.br\/portal\/wp-json\/wp\/v2\/product\/976"}],"collection":[{"href":"https:\/\/vidapets.com.br\/portal\/wp-json\/wp\/v2\/product"}],"about":[{"href":"https:\/\/vidapets.com.br\/portal\/wp-json\/wp\/v2\/types\/product"}],"wp:featuredmedia":[{"embeddable":true,"href":"https:\/\/vidapets.com.br\/portal\/wp-json\/wp\/v2\/media\/977"}],"wp:attachment":[{"href":"https:\/\/vidapets.com.br\/portal\/wp-json\/wp\/v2\/media?parent=976"}],"wp:term":[{"taxonomy":"product_cat","embeddable":true,"href":"https:\/\/vidapets.com.br\/portal\/wp-json\/wp\/v2\/product_cat?post=976"},{"taxonomy":"product_tag","embeddable":true,"href":"https:\/\/vidapets.com.br\/portal\/wp-json\/wp\/v2\/product_tag?post=976"}],"curies":[{"name":"wp","href":"https:\/\/api.w.org\/{rel}","templated":true}]}}