{"id":982,"date":"2023-03-04T13:20:27","date_gmt":"2023-03-04T16:20:27","guid":{"rendered":"https:\/\/vidapets.com.br\/portal\/?post_type=product&#038;p=982"},"modified":"2023-03-07T18:18:22","modified_gmt":"2023-03-07T21:18:22","slug":"dia-a-dia-topicos-selecionados-em-especialidades-veterinarias-volume-2","status":"publish","type":"product","link":"https:\/\/vidapets.com.br\/portal\/produto\/dia-a-dia-topicos-selecionados-em-especialidades-veterinarias-volume-2\/","title":{"rendered":"DIA A DIA: T\u00d3PICOS SELECIONADOS EM ESPECIALIDADES VETERIN\u00c1RIAS VOLUME 2"},"content":{"rendered":"<p>A preocupa\u00e7\u00e3o em fazer deste livro um guia de consulta r\u00e1pida das principais especialidades m\u00e9dicas dos animais de companhia exigiu uma abordagem simples e de f\u00e1cil compreens\u00e3o.<br \/>\nO livro Dia a Dia: t\u00f3picos Selecionados em Especialidades Veterin\u00e1ria volume 2 \u00e9 destinados a estudantes e profissionais da \u00e1rea de medicina veterin\u00e1ria, sendo leitura importante para sua forma\u00e7\u00e3o e aux\u00edlio constante na rotina de sua atividade.<br \/>\nO livro contempla 22 se\u00e7\u00f5es dedicadas a problemas usuais na pr\u00e1tica m\u00e9dica e cir\u00fargica de animais de companhia, contemplando assuntos com sinais cl\u00ednicos, diagn\u00f3sticos, tratamento e progn\u00f3sticos das principais afec\u00e7\u00f5es observadas em c\u00e3es e gatos e pets silvestres.<br \/>\nO livro conta com a colabora\u00e7\u00e3o de renomados especialistas, apresentando as mais recentes informa\u00e7\u00f5es sobre as diversas especialidades na medicina de animais de companhia. absolutamente imperd\u00edvel.<\/p>\n<p>&nbsp;<\/p>\n<p>Ao resgatar o voucher, entraremos em contato pelo whatsapp cadastrado no seu perfil ou se preferir pode nos contatar pelo n\u00famero (45) 99835-0078<br \/>\nSujeito a disponibilidade do fornecedor<\/p>\n","protected":false},"excerpt":{"rendered":"<p>A preocupa\u00e7\u00e3o em fazer deste livro um guia de consulta r\u00e1pida das principais especialidades m\u00e9dicas dos animais de companhia exigiu uma abordagem simples e de f\u00e1cil compreens\u00e3o. O livro Dia a Dia: t\u00f3picos Selecionados em Especialidades Veterin\u00e1ria volume 2 \u00e9 destinados a estudantes e profissionais da \u00e1rea de medicina veterin\u00e1ria, sendo leitura importante para sua [&hellip;]<\/p>\n","protected":false},"featured_media":983,"template":"","meta":{"site-sidebar-layout":"default","site-content-layout":"default","ast-site-content-layout":"","site-content-style":"default","site-sidebar-style":"default","ast-global-header-display":"","ast-banner-title-visibility":"","ast-main-header-display":"","ast-hfb-above-header-display":"","ast-hfb-below-header-display":"","ast-hfb-mobile-header-display":"","site-post-title":"","ast-breadcrumbs-content":"","ast-featured-img":"","footer-sml-layout":"","theme-transparent-header-meta":"default","adv-header-id-meta":"","stick-header-meta":"","header-above-stick-meta":"","header-main-stick-meta":"","header-below-stick-meta":"","astra-migrate-meta-layouts":"default","ast-page-background-enabled":"default","ast-page-background-meta":{"desktop":{"background-color":"var(--ast-global-color-4)","background-image":"","background-repeat":"repeat","background-position":"center center","background-size":"auto","background-attachment":"scroll","background-type":"","background-media":"","overlay-type":"","overlay-color":"","overlay-gradient":""},"tablet":{"background-color":"","background-image":"","background-repeat":"repeat","background-position":"center center","background-size":"auto","background-attachment":"scroll","background-type":"","background-media":"","overlay-type":"","overlay-color":"","overlay-gradient":""},"mobile":{"background-color":"","background-image":"","background-repeat":"repeat","background-position":"center center","background-size":"auto","background-attachment":"scroll","background-type":"","background-media":"","overlay-type":"","overlay-color":"","overlay-gradient":""}},"ast-content-background-meta":{"desktop":{"background-color":"var(--ast-global-color-5)","background-image":"","background-repeat":"repeat","background-position":"center center","background-size":"auto","background-attachment":"scroll","background-type":"","background-media":"","overlay-type":"","overlay-color":"","overlay-gradient":""},"tablet":{"background-color":"var(--ast-global-color-5)","background-image":"","background-repeat":"repeat","background-position":"center center","background-size":"auto","background-attachment":"scroll","background-type":"","background-media":"","overlay-type":"","overlay-color":"","overlay-gradient":""},"mobile":{"background-color":"var(--ast-global-color-5)","background-image":"","background-repeat":"repeat","background-position":"center center","background-size":"auto","background-attachment":"scroll","background-type":"","background-media":"","overlay-type":"","overlay-color":"","overlay-gradient":""}}},"product_cat":[61],"product_tag":[],"_links":{"self":[{"href":"https:\/\/vidapets.com.br\/portal\/wp-json\/wp\/v2\/product\/982"}],"collection":[{"href":"https:\/\/vidapets.com.br\/portal\/wp-json\/wp\/v2\/product"}],"about":[{"href":"https:\/\/vidapets.com.br\/portal\/wp-json\/wp\/v2\/types\/product"}],"wp:featuredmedia":[{"embeddable":true,"href":"https:\/\/vidapets.com.br\/portal\/wp-json\/wp\/v2\/media\/983"}],"wp:attachment":[{"href":"https:\/\/vidapets.com.br\/portal\/wp-json\/wp\/v2\/media?parent=982"}],"wp:term":[{"taxonomy":"product_cat","embeddable":true,"href":"https:\/\/vidapets.com.br\/portal\/wp-json\/wp\/v2\/product_cat?post=982"},{"taxonomy":"product_tag","embeddable":true,"href":"https:\/\/vidapets.com.br\/portal\/wp-json\/wp\/v2\/product_tag?post=982"}],"curies":[{"name":"wp","href":"https:\/\/api.w.org\/{rel}","templated":true}]}}