{"id":984,"date":"2023-03-04T13:20:56","date_gmt":"2023-03-04T16:20:56","guid":{"rendered":"https:\/\/vidapets.com.br\/portal\/?post_type=product&#038;p=984"},"modified":"2023-03-07T18:18:18","modified_gmt":"2023-03-07T21:18:18","slug":"manual-de-controle-da-dor-em-medicina-veterinaria","status":"publish","type":"product","link":"https:\/\/vidapets.com.br\/portal\/produto\/manual-de-controle-da-dor-em-medicina-veterinaria\/","title":{"rendered":"MANUAL DE CONTROLE DA DOR EM MEDICINA VETERIN\u00c1RIA"},"content":{"rendered":"<p>Fornece os maiores cuidados e efetivo controle da dor para gatos, c\u00e3es, p\u00e1ssaros, eq\u00fcinos, bovinos e animais de estima\u00e7\u00e3o ex\u00f3ticos!<br \/>\nComo seu paciente n\u00e3o pode falar por ele mesmo, a avalia\u00e7\u00e3o do seu \u00edndice de dor pode se tornar uma tarefa dif\u00edcil. O Manual de Controle da Dor em Medicina Veterin\u00e1ria, Segunda Edi\u00e7\u00e3o, ajuda voc\u00ea a avaliar e determinar o melhor tratamento para a dor em uma variedade de esp\u00e9cies. Isto inclui as \u00faltimas informa\u00e7\u00f5es na avalia\u00e7\u00e3o da dor, op\u00e7\u00f5es de tratamento farmac\u00eauticas e n\u00e3o farmac\u00eauticas, guias para controle da dor aguda e cr\u00f4nica, terapia f\u00edsica e reabilita\u00e7\u00e3o, e qualidade de vida e cuidados terminais.<\/p>\n<p>&nbsp;<\/p>\n<p>Ao resgatar o voucher, entraremos em contato pelo whatsapp cadastrado no seu perfil ou se preferir pode nos contatar pelo n\u00famero (45) 99835-0078<br \/>\nSujeito a disponibilidade do fornecedor<\/p>\n","protected":false},"excerpt":{"rendered":"<p>Fornece os maiores cuidados e efetivo controle da dor para gatos, c\u00e3es, p\u00e1ssaros, eq\u00fcinos, bovinos e animais de estima\u00e7\u00e3o ex\u00f3ticos! Como seu paciente n\u00e3o pode falar por ele mesmo, a avalia\u00e7\u00e3o do seu \u00edndice de dor pode se tornar uma tarefa dif\u00edcil. O Manual de Controle da Dor em Medicina Veterin\u00e1ria, Segunda Edi\u00e7\u00e3o, ajuda voc\u00ea [&hellip;]<\/p>\n","protected":false},"featured_media":985,"template":"","meta":{"site-sidebar-layout":"default","site-content-layout":"default","ast-site-content-layout":"","site-content-style":"default","site-sidebar-style":"default","ast-global-header-display":"","ast-banner-title-visibility":"","ast-main-header-display":"","ast-hfb-above-header-display":"","ast-hfb-below-header-display":"","ast-hfb-mobile-header-display":"","site-post-title":"","ast-breadcrumbs-content":"","ast-featured-img":"","footer-sml-layout":"","theme-transparent-header-meta":"default","adv-header-id-meta":"","stick-header-meta":"","header-above-stick-meta":"","header-main-stick-meta":"","header-below-stick-meta":"","astra-migrate-meta-layouts":"default","ast-page-background-enabled":"default","ast-page-background-meta":{"desktop":{"background-color":"var(--ast-global-color-4)","background-image":"","background-repeat":"repeat","background-position":"center center","background-size":"auto","background-attachment":"scroll","background-type":"","background-media":"","overlay-type":"","overlay-color":"","overlay-gradient":""},"tablet":{"background-color":"","background-image":"","background-repeat":"repeat","background-position":"center center","background-size":"auto","background-attachment":"scroll","background-type":"","background-media":"","overlay-type":"","overlay-color":"","overlay-gradient":""},"mobile":{"background-color":"","background-image":"","background-repeat":"repeat","background-position":"center center","background-size":"auto","background-attachment":"scroll","background-type":"","background-media":"","overlay-type":"","overlay-color":"","overlay-gradient":""}},"ast-content-background-meta":{"desktop":{"background-color":"var(--ast-global-color-5)","background-image":"","background-repeat":"repeat","background-position":"center center","background-size":"auto","background-attachment":"scroll","background-type":"","background-media":"","overlay-type":"","overlay-color":"","overlay-gradient":""},"tablet":{"background-color":"var(--ast-global-color-5)","background-image":"","background-repeat":"repeat","background-position":"center center","background-size":"auto","background-attachment":"scroll","background-type":"","background-media":"","overlay-type":"","overlay-color":"","overlay-gradient":""},"mobile":{"background-color":"var(--ast-global-color-5)","background-image":"","background-repeat":"repeat","background-position":"center center","background-size":"auto","background-attachment":"scroll","background-type":"","background-media":"","overlay-type":"","overlay-color":"","overlay-gradient":""}}},"product_cat":[61],"product_tag":[],"_links":{"self":[{"href":"https:\/\/vidapets.com.br\/portal\/wp-json\/wp\/v2\/product\/984"}],"collection":[{"href":"https:\/\/vidapets.com.br\/portal\/wp-json\/wp\/v2\/product"}],"about":[{"href":"https:\/\/vidapets.com.br\/portal\/wp-json\/wp\/v2\/types\/product"}],"wp:featuredmedia":[{"embeddable":true,"href":"https:\/\/vidapets.com.br\/portal\/wp-json\/wp\/v2\/media\/985"}],"wp:attachment":[{"href":"https:\/\/vidapets.com.br\/portal\/wp-json\/wp\/v2\/media?parent=984"}],"wp:term":[{"taxonomy":"product_cat","embeddable":true,"href":"https:\/\/vidapets.com.br\/portal\/wp-json\/wp\/v2\/product_cat?post=984"},{"taxonomy":"product_tag","embeddable":true,"href":"https:\/\/vidapets.com.br\/portal\/wp-json\/wp\/v2\/product_tag?post=984"}],"curies":[{"name":"wp","href":"https:\/\/api.w.org\/{rel}","templated":true}]}}