{"id":986,"date":"2023-03-04T13:21:28","date_gmt":"2023-03-04T16:21:28","guid":{"rendered":"https:\/\/vidapets.com.br\/portal\/?post_type=product&#038;p=986"},"modified":"2023-03-07T18:30:17","modified_gmt":"2023-03-07T21:30:17","slug":"reabilitacao-e-fisioterapia-em-caes","status":"publish","type":"product","link":"https:\/\/vidapets.com.br\/portal\/produto\/reabilitacao-e-fisioterapia-em-caes\/","title":{"rendered":"REABILITA\u00c7\u00c3O E FISIOTERAPIA EM C\u00c3ES"},"content":{"rendered":"<p>T\u00e9cnicas avan\u00e7adas, como a pr\u00f3tese de quadril e a osteoss\u00edntese, somadas ao emprego de diversos procedimentos de diagn\u00f3stico e cir\u00fargico desenvolvidos em seres humanos os e adaptados aos animais de estima\u00e7\u00e3o nos ajudam a elaborar diagn\u00f3sticos precisos e a realizar cirurgias com \u00eaxito. \u00e9 preciso notar que vez se organizam mais cursos sobre esse importante tema.<\/p>\n<p>&nbsp;<\/p>\n<p>Ao resgatar o voucher, entraremos em contato pelo whatsapp cadastrado no seu perfil ou se preferir pode nos contatar pelo n\u00famero (45) 99835-0078<\/p>\n<p>Sujeito a disponibilidade do fornecedor<\/p>\n","protected":false},"excerpt":{"rendered":"<p>T\u00e9cnicas avan\u00e7adas, como a pr\u00f3tese de quadril e a osteoss\u00edntese, somadas ao emprego de diversos procedimentos de diagn\u00f3stico e cir\u00fargico desenvolvidos em seres humanos os e adaptados aos animais de estima\u00e7\u00e3o nos ajudam a elaborar diagn\u00f3sticos precisos e a realizar cirurgias com \u00eaxito. \u00e9 preciso notar que vez se organizam mais cursos sobre esse importante [&hellip;]<\/p>\n","protected":false},"featured_media":987,"template":"","meta":{"site-sidebar-layout":"default","site-content-layout":"default","ast-site-content-layout":"","site-content-style":"default","site-sidebar-style":"default","ast-global-header-display":"","ast-banner-title-visibility":"","ast-main-header-display":"","ast-hfb-above-header-display":"","ast-hfb-below-header-display":"","ast-hfb-mobile-header-display":"","site-post-title":"","ast-breadcrumbs-content":"","ast-featured-img":"","footer-sml-layout":"","theme-transparent-header-meta":"default","adv-header-id-meta":"","stick-header-meta":"","header-above-stick-meta":"","header-main-stick-meta":"","header-below-stick-meta":"","astra-migrate-meta-layouts":"default","ast-page-background-enabled":"default","ast-page-background-meta":{"desktop":{"background-color":"var(--ast-global-color-4)","background-image":"","background-repeat":"repeat","background-position":"center center","background-size":"auto","background-attachment":"scroll","background-type":"","background-media":"","overlay-type":"","overlay-color":"","overlay-gradient":""},"tablet":{"background-color":"","background-image":"","background-repeat":"repeat","background-position":"center center","background-size":"auto","background-attachment":"scroll","background-type":"","background-media":"","overlay-type":"","overlay-color":"","overlay-gradient":""},"mobile":{"background-color":"","background-image":"","background-repeat":"repeat","background-position":"center center","background-size":"auto","background-attachment":"scroll","background-type":"","background-media":"","overlay-type":"","overlay-color":"","overlay-gradient":""}},"ast-content-background-meta":{"desktop":{"background-color":"var(--ast-global-color-5)","background-image":"","background-repeat":"repeat","background-position":"center center","background-size":"auto","background-attachment":"scroll","background-type":"","background-media":"","overlay-type":"","overlay-color":"","overlay-gradient":""},"tablet":{"background-color":"var(--ast-global-color-5)","background-image":"","background-repeat":"repeat","background-position":"center center","background-size":"auto","background-attachment":"scroll","background-type":"","background-media":"","overlay-type":"","overlay-color":"","overlay-gradient":""},"mobile":{"background-color":"var(--ast-global-color-5)","background-image":"","background-repeat":"repeat","background-position":"center center","background-size":"auto","background-attachment":"scroll","background-type":"","background-media":"","overlay-type":"","overlay-color":"","overlay-gradient":""}}},"product_cat":[61],"product_tag":[],"_links":{"self":[{"href":"https:\/\/vidapets.com.br\/portal\/wp-json\/wp\/v2\/product\/986"}],"collection":[{"href":"https:\/\/vidapets.com.br\/portal\/wp-json\/wp\/v2\/product"}],"about":[{"href":"https:\/\/vidapets.com.br\/portal\/wp-json\/wp\/v2\/types\/product"}],"wp:featuredmedia":[{"embeddable":true,"href":"https:\/\/vidapets.com.br\/portal\/wp-json\/wp\/v2\/media\/987"}],"wp:attachment":[{"href":"https:\/\/vidapets.com.br\/portal\/wp-json\/wp\/v2\/media?parent=986"}],"wp:term":[{"taxonomy":"product_cat","embeddable":true,"href":"https:\/\/vidapets.com.br\/portal\/wp-json\/wp\/v2\/product_cat?post=986"},{"taxonomy":"product_tag","embeddable":true,"href":"https:\/\/vidapets.com.br\/portal\/wp-json\/wp\/v2\/product_tag?post=986"}],"curies":[{"name":"wp","href":"https:\/\/api.w.org\/{rel}","templated":true}]}}